{"id":29028,"date":"2025-07-15T19:44:12","date_gmt":"2025-07-15T17:44:12","guid":{"rendered":"https:\/\/silverstone.m2web.pl\/?page_id=29028"},"modified":"2025-07-16T00:10:48","modified_gmt":"2025-07-15T22:10:48","slug":"gokarty","status":"publish","type":"page","link":"https:\/\/silverstone.m2web.pl\/?page_id=29028","title":{"rendered":"Gokarty"},"content":{"rendered":"\t\t<div data-elementor-type=\"wp-page\" data-elementor-id=\"29028\" class=\"elementor elementor-29028\">\n\t\t\t\t<div class=\"wd-negative-gap elementor-element elementor-element-dd7664a e-flex e-con-boxed e-con e-parent\" data-id=\"dd7664a\" data-element_type=\"container\">\n\t\t\t\t\t<div class=\"e-con-inner\">\n\t\t<div class=\"elementor-element elementor-element-60a5de7 e-con-full e-flex e-con e-child\" data-id=\"60a5de7\" data-element_type=\"container\">\n\t\t\t\t<div class=\"elementor-element elementor-element-4e3330d elementor-widget elementor-widget-wd_banner\" data-id=\"4e3330d\" data-element_type=\"widget\" data-widget_type=\"wd_banner.default\">\n\t\t\t\t<div class=\"elementor-widget-container\">\n\t\t\t\t\t\t\t<div class=\"promo-banner-wrapper\">\n\t\t\t<div class=\"promo-banner banner-content-background banner-hover-none color-scheme- banner-btn-size-default banner-btn-style-link with-btn banner-btn-position-static wd-with-link\">\n\t\t\t\t<div class=\"main-wrapp-img\">\n\t\t\t\t\t<div class=\"banner-image wd-without-height\">\n\t\t\t\t\t\t\t\t\t\t\t\t\t\t\t\t\t\t\t\t\t<img fetchpriority=\"high\" decoding=\"async\" width=\"1707\" height=\"2560\" src=\"https:\/\/silverstone.m2web.pl\/wp-content\/uploads\/2025\/07\/tor_silverstone-05-scaled-1.jpg\" class=\"attachment-full size-full\" alt=\"\" srcset=\"https:\/\/silverstone.m2web.pl\/wp-content\/uploads\/2025\/07\/tor_silverstone-05-scaled-1.jpg 1707w, https:\/\/silverstone.m2web.pl\/wp-content\/uploads\/2025\/07\/tor_silverstone-05-scaled-1-200x300.jpg 200w, https:\/\/silverstone.m2web.pl\/wp-content\/uploads\/2025\/07\/tor_silverstone-05-scaled-1-533x800.jpg 533w, https:\/\/silverstone.m2web.pl\/wp-content\/uploads\/2025\/07\/tor_silverstone-05-scaled-1-768x1152.jpg 768w, https:\/\/silverstone.m2web.pl\/wp-content\/uploads\/2025\/07\/tor_silverstone-05-scaled-1-1024x1536.jpg 1024w, https:\/\/silverstone.m2web.pl\/wp-content\/uploads\/2025\/07\/tor_silverstone-05-scaled-1-1366x2048.jpg 1366w, https:\/\/silverstone.m2web.pl\/wp-content\/uploads\/2025\/07\/tor_silverstone-05-scaled-1-430x645.jpg 430w, https:\/\/silverstone.m2web.pl\/wp-content\/uploads\/2025\/07\/tor_silverstone-05-scaled-1-700x1050.jpg 700w, https:\/\/silverstone.m2web.pl\/wp-content\/uploads\/2025\/07\/tor_silverstone-05-scaled-1-150x225.jpg 150w\" sizes=\"(max-width: 1707px) 100vw, 1707px\" \/>\t\t\t\t\t\t\t\t\t\t\t\t\t\t\t\t\t\t<\/div>\n\t\t\t\t<\/div>\n\n\t\t\t\t<div class=\"wrapper-content-banner wd-fill wd-items-bottom wd-justify-left\">\n\t\t\t\t\t<div class=\"content-banner  text-left\">\n\t\t\t\t\t\t\n\t\t\t\t\t\t\t\t\t\t\t\t\t<h4 class=\"banner-title wd-fontsize-l\" data-elementor-setting-key=\"title\">\n\t\t\t\t\t\t\t\t4 GOKARTY DZIECI\u0118CE\t\t\t\t\t\t\t<\/h4>\n\t\t\t\t\t\t\n\t\t\t\t\t\t\t\t\t\t\t\t\t<div class=\"banner-inner reset-last-child wd-fontsize-xs\" data-elementor-setting-key=\"content\">\n\t\t\t\t\t\t\t\t<ul>\n<li><strong>Moc:<\/strong> 5.5 KM<\/li>\n<li><strong>Pojemno\u015b\u0107:<\/strong> 160 cm 3<\/li>\n<\/ul>\n\t\t\t\t\t\t\t<\/div>\n\t\t\t\t\t\t\n\t\t\t\t\t\t\n\t\t\t\t\t\t\t\t\t\t\t\t\t<div class=\"banner-btn-wrapper\">\n\t\t\t\t\t\t\t\t\t\t<div class=\"wd-button-wrapper text-left\" >\n\t\t\t<a class=\"btn btn-style-link btn-shape- btn-size-default btn-icon-pos-right\"  href=\"#\">\n\t\t\t\t<span class=\"wd-btn-text\" data-elementor-setting-key=\"text\">\n\t\t\t\t\tZarezerwuj\t\t\t\t<\/span>\n\n\t\t\t\t\t\t\t\t\t<span class=\"wd-btn-icon\">\n\t\t\t\t\t\t<svg class=\"wd-icon e-font-icon-svg e-far-arrow-alt-circle-right\" viewBox=\"0 0 512 512\" xmlns=\"http:\/\/www.w3.org\/2000\/svg\"><path d=\"M504 256C504 119 393 8 256 8S8 119 8 256s111 248 248 248 248-111 248-248zm-448 0c0-110.5 89.5-200 200-200s200 89.5 200 200-89.5 200-200 200S56 366.5 56 256zm72 20v-40c0-6.6 5.4-12 12-12h116v-67c0-10.7 12.9-16 20.5-8.5l99 99c4.7 4.7 4.7 12.3 0 17l-99 99c-7.6 7.6-20.5 2.2-20.5-8.5v-67H140c-6.6 0-12-5.4-12-12z\"><\/path><\/svg>\t\t\t\t\t<\/span>\n\t\t\t\t\t\t\t<\/a>\n\t\t<\/div>\n\t\t\t\t\t\t\t\t\t<\/div>\n\t\t\t\t\t\t\t\t\t\t\t<\/div>\n\t\t\t\t<\/div>\n\n\t\t\t\t\t\t\t\t\t<a href=\"#\" class=\"wd-promo-banner-link wd-fill\" aria-label=\"Banner link\"><\/a>\n\t\t\t\t\t\t\t<\/div>\n\t\t<\/div>\n\t\t\t\t\t\t<\/div>\n\t\t\t\t<\/div>\n\t\t\t\t<\/div>\n\t\t<div class=\"elementor-element elementor-element-c41fa2f e-con-full e-flex e-con e-child\" data-id=\"c41fa2f\" data-element_type=\"container\">\n\t\t\t\t<div class=\"elementor-element elementor-element-36b2ce1 elementor-widget elementor-widget-wd_banner\" data-id=\"36b2ce1\" data-element_type=\"widget\" data-widget_type=\"wd_banner.default\">\n\t\t\t\t<div class=\"elementor-widget-container\">\n\t\t\t\t\t\t\t<div class=\"promo-banner-wrapper\">\n\t\t\t<div class=\"promo-banner banner-content-background banner-hover-none color-scheme- banner-btn-size-default banner-btn-style-link with-btn banner-btn-position-static wd-with-link\">\n\t\t\t\t<div class=\"main-wrapp-img\">\n\t\t\t\t\t<div class=\"banner-image wd-without-height\">\n\t\t\t\t\t\t\t\t\t\t\t\t\t\t\t\t\t\t\t\t\t<img decoding=\"async\" width=\"1707\" height=\"2560\" src=\"https:\/\/silverstone.m2web.pl\/wp-content\/uploads\/2025\/07\/cennik_2.jpg\" class=\"attachment-full size-full\" alt=\"\" srcset=\"https:\/\/silverstone.m2web.pl\/wp-content\/uploads\/2025\/07\/cennik_2.jpg 1707w, https:\/\/silverstone.m2web.pl\/wp-content\/uploads\/2025\/07\/cennik_2-200x300.jpg 200w, https:\/\/silverstone.m2web.pl\/wp-content\/uploads\/2025\/07\/cennik_2-533x800.jpg 533w, https:\/\/silverstone.m2web.pl\/wp-content\/uploads\/2025\/07\/cennik_2-768x1152.jpg 768w, https:\/\/silverstone.m2web.pl\/wp-content\/uploads\/2025\/07\/cennik_2-1024x1536.jpg 1024w, https:\/\/silverstone.m2web.pl\/wp-content\/uploads\/2025\/07\/cennik_2-1366x2048.jpg 1366w, https:\/\/silverstone.m2web.pl\/wp-content\/uploads\/2025\/07\/cennik_2-430x645.jpg 430w, https:\/\/silverstone.m2web.pl\/wp-content\/uploads\/2025\/07\/cennik_2-700x1050.jpg 700w, https:\/\/silverstone.m2web.pl\/wp-content\/uploads\/2025\/07\/cennik_2-150x225.jpg 150w\" sizes=\"(max-width: 1707px) 100vw, 1707px\" \/>\t\t\t\t\t\t\t\t\t\t\t\t\t\t\t\t\t\t<\/div>\n\t\t\t\t<\/div>\n\n\t\t\t\t<div class=\"wrapper-content-banner wd-fill wd-items-bottom wd-justify-left\">\n\t\t\t\t\t<div class=\"content-banner  text-left\">\n\t\t\t\t\t\t\n\t\t\t\t\t\t\t\t\t\t\t\t\t<h4 class=\"banner-title wd-fontsize-l\" data-elementor-setting-key=\"title\">\n\t\t\t\t\t\t\t\t6 DU\u017bYCH GOKART\u00d3W\t\t\t\t\t\t\t<\/h4>\n\t\t\t\t\t\t\n\t\t\t\t\t\t\t\t\t\t\t\t\t<div class=\"banner-inner reset-last-child wd-fontsize-xs\" data-elementor-setting-key=\"content\">\n\t\t\t\t\t\t\t\t<ul>\n<li><strong>Moc:<\/strong> 6.5 KM<\/li>\n<li><strong>Pojemno\u015b\u0107:<\/strong> 200 cm 3<\/li>\n<\/ul>\n\t\t\t\t\t\t\t<\/div>\n\t\t\t\t\t\t\n\t\t\t\t\t\t\n\t\t\t\t\t\t\t\t\t\t\t\t\t<div class=\"banner-btn-wrapper\">\n\t\t\t\t\t\t\t\t\t\t<div class=\"wd-button-wrapper text-left\" >\n\t\t\t<a class=\"btn btn-style-link btn-shape- btn-size-default btn-icon-pos-right\"  href=\"#\">\n\t\t\t\t<span class=\"wd-btn-text\" data-elementor-setting-key=\"text\">\n\t\t\t\t\tZarezerwuj\t\t\t\t<\/span>\n\n\t\t\t\t\t\t\t\t\t<span class=\"wd-btn-icon\">\n\t\t\t\t\t\t<svg class=\"wd-icon e-font-icon-svg e-far-arrow-alt-circle-right\" viewBox=\"0 0 512 512\" xmlns=\"http:\/\/www.w3.org\/2000\/svg\"><path d=\"M504 256C504 119 393 8 256 8S8 119 8 256s111 248 248 248 248-111 248-248zm-448 0c0-110.5 89.5-200 200-200s200 89.5 200 200-89.5 200-200 200S56 366.5 56 256zm72 20v-40c0-6.6 5.4-12 12-12h116v-67c0-10.7 12.9-16 20.5-8.5l99 99c4.7 4.7 4.7 12.3 0 17l-99 99c-7.6 7.6-20.5 2.2-20.5-8.5v-67H140c-6.6 0-12-5.4-12-12z\"><\/path><\/svg>\t\t\t\t\t<\/span>\n\t\t\t\t\t\t\t<\/a>\n\t\t<\/div>\n\t\t\t\t\t\t\t\t\t<\/div>\n\t\t\t\t\t\t\t\t\t\t\t<\/div>\n\t\t\t\t<\/div>\n\n\t\t\t\t\t\t\t\t\t<a href=\"#\" class=\"wd-promo-banner-link wd-fill\" aria-label=\"Banner link\"><\/a>\n\t\t\t\t\t\t\t<\/div>\n\t\t<\/div>\n\t\t\t\t\t\t<\/div>\n\t\t\t\t<\/div>\n\t\t\t\t<\/div>\n\t\t<div class=\"elementor-element elementor-element-feb9712 e-con-full e-flex e-con e-child\" data-id=\"feb9712\" data-element_type=\"container\">\n\t\t\t\t<div class=\"elementor-element elementor-element-d665e7e elementor-widget elementor-widget-wd_banner\" data-id=\"d665e7e\" data-element_type=\"widget\" data-widget_type=\"wd_banner.default\">\n\t\t\t\t<div class=\"elementor-widget-container\">\n\t\t\t\t\t\t\t<div class=\"promo-banner-wrapper\">\n\t\t\t<div class=\"promo-banner banner-content-background banner-hover-none color-scheme- banner-btn-size-default banner-btn-style-link with-btn banner-btn-position-static wd-with-link\">\n\t\t\t\t<div class=\"main-wrapp-img\">\n\t\t\t\t\t<div class=\"banner-image wd-without-height\">\n\t\t\t\t\t\t\t\t\t\t\t\t\t\t\t\t\t\t\t\t\t<img decoding=\"async\" width=\"1707\" height=\"2560\" src=\"https:\/\/silverstone.m2web.pl\/wp-content\/uploads\/2025\/07\/tandemtojest.jpg\" class=\"attachment-full size-full\" alt=\"\" srcset=\"https:\/\/silverstone.m2web.pl\/wp-content\/uploads\/2025\/07\/tandemtojest.jpg 1707w, https:\/\/silverstone.m2web.pl\/wp-content\/uploads\/2025\/07\/tandemtojest-200x300.jpg 200w, https:\/\/silverstone.m2web.pl\/wp-content\/uploads\/2025\/07\/tandemtojest-533x800.jpg 533w, https:\/\/silverstone.m2web.pl\/wp-content\/uploads\/2025\/07\/tandemtojest-768x1152.jpg 768w, https:\/\/silverstone.m2web.pl\/wp-content\/uploads\/2025\/07\/tandemtojest-1024x1536.jpg 1024w, https:\/\/silverstone.m2web.pl\/wp-content\/uploads\/2025\/07\/tandemtojest-1366x2048.jpg 1366w, https:\/\/silverstone.m2web.pl\/wp-content\/uploads\/2025\/07\/tandemtojest-430x645.jpg 430w, https:\/\/silverstone.m2web.pl\/wp-content\/uploads\/2025\/07\/tandemtojest-700x1050.jpg 700w, https:\/\/silverstone.m2web.pl\/wp-content\/uploads\/2025\/07\/tandemtojest-150x225.jpg 150w\" sizes=\"(max-width: 1707px) 100vw, 1707px\" \/>\t\t\t\t\t\t\t\t\t\t\t\t\t\t\t\t\t\t<\/div>\n\t\t\t\t<\/div>\n\n\t\t\t\t<div class=\"wrapper-content-banner wd-fill wd-items-bottom wd-justify-left\">\n\t\t\t\t\t<div class=\"content-banner  text-left\">\n\t\t\t\t\t\t\n\t\t\t\t\t\t\t\t\t\t\t\t\t<h4 class=\"banner-title wd-fontsize-l\" data-elementor-setting-key=\"title\">\n\t\t\t\t\t\t\t\tPODW\u00d3JNY GOKART\t\t\t\t\t\t\t<\/h4>\n\t\t\t\t\t\t\n\t\t\t\t\t\t\t\t\t\t\t\t\t<div class=\"banner-inner reset-last-child wd-fontsize-xs\" data-elementor-setting-key=\"content\">\n\t\t\t\t\t\t\t\t<ul>\n<li><strong>Moc:<\/strong> 9 KM<\/li>\n<li><strong>Pojemno\u015b\u0107:<\/strong> 270 cm 3<\/li>\n<\/ul>\n\t\t\t\t\t\t\t<\/div>\n\t\t\t\t\t\t\n\t\t\t\t\t\t\n\t\t\t\t\t\t\t\t\t\t\t\t\t<div class=\"banner-btn-wrapper\">\n\t\t\t\t\t\t\t\t\t\t<div class=\"wd-button-wrapper text-left\" >\n\t\t\t<a class=\"btn btn-style-link btn-shape- btn-size-default btn-icon-pos-right\"  href=\"#\">\n\t\t\t\t<span class=\"wd-btn-text\" data-elementor-setting-key=\"text\">\n\t\t\t\t\tZarezerwuj\t\t\t\t<\/span>\n\n\t\t\t\t\t\t\t\t\t<span class=\"wd-btn-icon\">\n\t\t\t\t\t\t<svg class=\"wd-icon e-font-icon-svg e-far-arrow-alt-circle-right\" viewBox=\"0 0 512 512\" xmlns=\"http:\/\/www.w3.org\/2000\/svg\"><path d=\"M504 256C504 119 393 8 256 8S8 119 8 256s111 248 248 248 248-111 248-248zm-448 0c0-110.5 89.5-200 200-200s200 89.5 200 200-89.5 200-200 200S56 366.5 56 256zm72 20v-40c0-6.6 5.4-12 12-12h116v-67c0-10.7 12.9-16 20.5-8.5l99 99c4.7 4.7 4.7 12.3 0 17l-99 99c-7.6 7.6-20.5 2.2-20.5-8.5v-67H140c-6.6 0-12-5.4-12-12z\"><\/path><\/svg>\t\t\t\t\t<\/span>\n\t\t\t\t\t\t\t<\/a>\n\t\t<\/div>\n\t\t\t\t\t\t\t\t\t<\/div>\n\t\t\t\t\t\t\t\t\t\t\t<\/div>\n\t\t\t\t<\/div>\n\n\t\t\t\t\t\t\t\t\t<a href=\"#\" class=\"wd-promo-banner-link wd-fill\" aria-label=\"Banner link\"><\/a>\n\t\t\t\t\t\t\t<\/div>\n\t\t<\/div>\n\t\t\t\t\t\t<\/div>\n\t\t\t\t<\/div>\n\t\t\t\t<\/div>\n\t\t\t\t\t<\/div>\n\t\t\t\t<\/div>\n\t\t\t\t<\/div>\n\t\t","protected":false},"excerpt":{"rendered":"<p>4 GOKARTY DZIECI\u0118CE Moc: 5.5 KM Pojemno\u015b\u0107: 160 cm 3 Zarezerwuj 6 DU\u017bYCH GOKART\u00d3W Moc: 6.5 KM Pojemno\u015b\u0107: 200 cm<\/p>\n","protected":false},"author":1,"featured_media":0,"parent":0,"menu_order":0,"comment_status":"closed","ping_status":"closed","template":"","meta":{"footnotes":""},"class_list":["post-29028","page","type-page","status-publish","hentry"],"_links":{"self":[{"href":"https:\/\/silverstone.m2web.pl\/index.php?rest_route=\/wp\/v2\/pages\/29028","targetHints":{"allow":["GET"]}}],"collection":[{"href":"https:\/\/silverstone.m2web.pl\/index.php?rest_route=\/wp\/v2\/pages"}],"about":[{"href":"https:\/\/silverstone.m2web.pl\/index.php?rest_route=\/wp\/v2\/types\/page"}],"author":[{"embeddable":true,"href":"https:\/\/silverstone.m2web.pl\/index.php?rest_route=\/wp\/v2\/users\/1"}],"replies":[{"embeddable":true,"href":"https:\/\/silverstone.m2web.pl\/index.php?rest_route=%2Fwp%2Fv2%2Fcomments&post=29028"}],"version-history":[{"count":13,"href":"https:\/\/silverstone.m2web.pl\/index.php?rest_route=\/wp\/v2\/pages\/29028\/revisions"}],"predecessor-version":[{"id":29191,"href":"https:\/\/silverstone.m2web.pl\/index.php?rest_route=\/wp\/v2\/pages\/29028\/revisions\/29191"}],"wp:attachment":[{"href":"https:\/\/silverstone.m2web.pl\/index.php?rest_route=%2Fwp%2Fv2%2Fmedia&parent=29028"}],"curies":[{"name":"wp","href":"https:\/\/api.w.org\/{rel}","templated":true}]}}