{"id":29027,"date":"2025-07-15T19:44:09","date_gmt":"2025-07-15T17:44:09","guid":{"rendered":"https:\/\/silverstone.m2web.pl\/?page_id=29027"},"modified":"2025-07-15T23:53:34","modified_gmt":"2025-07-15T21:53:34","slug":"tor","status":"publish","type":"page","link":"https:\/\/silverstone.m2web.pl\/?page_id=29027","title":{"rendered":"Tor"},"content":{"rendered":"\t\t<div data-elementor-type=\"wp-page\" data-elementor-id=\"29027\" class=\"elementor elementor-29027\">\n\t\t\t\t<div class=\"wd-negative-gap elementor-element elementor-element-008c227 e-flex e-con-boxed e-con e-parent\" data-id=\"008c227\" data-element_type=\"container\">\n\t\t\t\t\t<div class=\"e-con-inner\">\n\t\t<div class=\"elementor-element elementor-element-194dd95 e-con-full e-flex e-con e-child\" data-id=\"194dd95\" data-element_type=\"container\">\n\t\t\t\t<div class=\"elementor-element elementor-element-47d68e3 elementor-widget elementor-widget-image\" data-id=\"47d68e3\" data-element_type=\"widget\" data-widget_type=\"image.default\">\n\t\t\t\t\t\t\t\t\t\t\t\t\t\t\t<img fetchpriority=\"high\" decoding=\"async\" width=\"1300\" height=\"731\" src=\"https:\/\/silverstone.m2web.pl\/wp-content\/uploads\/2025\/07\/480948420_2922701651219699_8157737235980242570_n-2-1-1300x731.jpg\" class=\"attachment-large size-large wp-image-29156\" alt=\"\" srcset=\"https:\/\/silverstone.m2web.pl\/wp-content\/uploads\/2025\/07\/480948420_2922701651219699_8157737235980242570_n-2-1-1300x731.jpg 1300w, https:\/\/silverstone.m2web.pl\/wp-content\/uploads\/2025\/07\/480948420_2922701651219699_8157737235980242570_n-2-1-400x225.jpg 400w, https:\/\/silverstone.m2web.pl\/wp-content\/uploads\/2025\/07\/480948420_2922701651219699_8157737235980242570_n-2-1-768x432.jpg 768w, https:\/\/silverstone.m2web.pl\/wp-content\/uploads\/2025\/07\/480948420_2922701651219699_8157737235980242570_n-2-1-1536x864.jpg 1536w, https:\/\/silverstone.m2web.pl\/wp-content\/uploads\/2025\/07\/480948420_2922701651219699_8157737235980242570_n-2-1-430x242.jpg 430w, https:\/\/silverstone.m2web.pl\/wp-content\/uploads\/2025\/07\/480948420_2922701651219699_8157737235980242570_n-2-1-700x394.jpg 700w, https:\/\/silverstone.m2web.pl\/wp-content\/uploads\/2025\/07\/480948420_2922701651219699_8157737235980242570_n-2-1-150x84.jpg 150w, https:\/\/silverstone.m2web.pl\/wp-content\/uploads\/2025\/07\/480948420_2922701651219699_8157737235980242570_n-2-1.jpg 2048w\" sizes=\"(max-width: 1300px) 100vw, 1300px\" \/>\t\t\t\t\t\t\t\t\t\t\t\t\t\t\t<\/div>\n\t\t\t\t<div class=\"elementor-element elementor-element-8e4370d wd-width-100 elementor-widget elementor-widget-wd_title\" data-id=\"8e4370d\" data-element_type=\"widget\" data-widget_type=\"wd_title.default\">\n\t\t\t\t<div class=\"elementor-widget-container\">\n\t\t\t\t\t\t\t<div class=\"title-wrapper wd-set-mb reset-last-child wd-title-color-primary wd-title-style-simple wd-title-size-large text-center\">\n\n\t\t\t\n\t\t\t<div class=\"liner-continer\">\n\t\t\t\t<h4 class=\"woodmart-title-container title wd-fontsize-xxl\">Tor Kartingowy Silverstone w Opolu<\/h4> \n\t\t\t\t\t\t\t<\/div>\n\n\t\t\t\t\t\t\t<div class=\"title-after_title reset-last-child wd-fontsize-s\">\n\t\t\t\t\t<p><span style=\"color: #000000\">To nowoczesny, przestronny obiekt zaprojektowany z my\u015bl\u0105 o pasjonatach motorsportu w ka\u017cdym wieku. Zlokalizowany na utwardzonym placu o du\u017cej powierzchni, oferuje z\u0142o\u017cony i dynamiczny uk\u0142ad toru, kt\u00f3ry doskonale sprawdza si\u0119 zar\u00f3wno w przypadku os\u00f3b stawiaj\u0105cych pierwsze kroki za kierownic\u0105 gokarta, jak i bardziej do\u015bwiadczonych kierowc\u00f3w szukaj\u0105cych technicznego wyzwania. Trasa zosta\u0142a precyzyjnie wytyczona za pomoc\u0105 barier z opon w kolorze czarnym i \u017c\u00f3\u0142tym, tworz\u0105c liczne zakr\u0119ty, nawroty i d\u0142ugie \u0142uki, kt\u00f3re wymagaj\u0105 precyzji, refleksu i dobrej kontroli pojazdu.<\/span><\/p><p><span style=\"color: #000000\">Ca\u0142o\u015b\u0107 infrastruktury zachwyca przemy\u015blan\u0105 organizacj\u0105 \u2013 strefa startowa i zaplecze techniczne znajduj\u0105 si\u0119 tu\u017c przy g\u0142\u00f3wnym wej\u015bciu, a obok nich rozplanowano przestrze\u0144 z ustawionymi gokartami i stanowiskami serwisowymi. Tor otoczony jest rozleg\u0142ym parkingiem i po\u0142o\u017cony w bezpo\u015brednim s\u0105siedztwie drogi dojazdowej, co zapewnia dogodn\u0105 komunikacj\u0119 i komfort dla odwiedzaj\u0105cych. Silverstone Opole to miejsce stworzone z pasj\u0105 do sport\u00f3w motorowych, w kt\u00f3rym bezpiecze\u0144stwo, jako\u015b\u0107 nawierzchni i emocjonuj\u0105ca jazda id\u0105 w parze z profesjonaln\u0105 obs\u0142ug\u0105 i przyjazn\u0105 atmosfer\u0105.<\/span><\/p>\t\t\t\t<\/div>\n\t\t\t\t\t<\/div>\n\t\t\t\t\t\t<\/div>\n\t\t\t\t<\/div>\n\t\t\t\t<\/div>\n\t\t\t\t\t<\/div>\n\t\t\t\t<\/div>\n\t\t\t\t<\/div>\n\t\t","protected":false},"excerpt":{"rendered":"<p>Tor Kartingowy Silverstone w Opolu To nowoczesny, przestronny obiekt zaprojektowany z my\u015bl\u0105 o pasjonatach motorsportu w ka\u017cdym wieku. Zlokalizowany na<\/p>\n","protected":false},"author":1,"featured_media":0,"parent":0,"menu_order":0,"comment_status":"closed","ping_status":"closed","template":"","meta":{"footnotes":""},"class_list":["post-29027","page","type-page","status-publish","hentry"],"_links":{"self":[{"href":"https:\/\/silverstone.m2web.pl\/index.php?rest_route=\/wp\/v2\/pages\/29027","targetHints":{"allow":["GET"]}}],"collection":[{"href":"https:\/\/silverstone.m2web.pl\/index.php?rest_route=\/wp\/v2\/pages"}],"about":[{"href":"https:\/\/silverstone.m2web.pl\/index.php?rest_route=\/wp\/v2\/types\/page"}],"author":[{"embeddable":true,"href":"https:\/\/silverstone.m2web.pl\/index.php?rest_route=\/wp\/v2\/users\/1"}],"replies":[{"embeddable":true,"href":"https:\/\/silverstone.m2web.pl\/index.php?rest_route=%2Fwp%2Fv2%2Fcomments&post=29027"}],"version-history":[{"count":4,"href":"https:\/\/silverstone.m2web.pl\/index.php?rest_route=\/wp\/v2\/pages\/29027\/revisions"}],"predecessor-version":[{"id":29167,"href":"https:\/\/silverstone.m2web.pl\/index.php?rest_route=\/wp\/v2\/pages\/29027\/revisions\/29167"}],"wp:attachment":[{"href":"https:\/\/silverstone.m2web.pl\/index.php?rest_route=%2Fwp%2Fv2%2Fmedia&parent=29027"}],"curies":[{"name":"wp","href":"https:\/\/api.w.org\/{rel}","templated":true}]}}