{"id":29025,"date":"2025-07-15T19:44:09","date_gmt":"2025-07-15T17:44:09","guid":{"rendered":"https:\/\/silverstone.m2web.pl\/?page_id=29025"},"modified":"2025-07-16T00:06:39","modified_gmt":"2025-07-15T22:06:39","slug":"o-nas","status":"publish","type":"page","link":"https:\/\/silverstone.m2web.pl\/?page_id=29025","title":{"rendered":"O nas"},"content":{"rendered":"\t\t<div data-elementor-type=\"wp-page\" data-elementor-id=\"29025\" class=\"elementor elementor-29025\">\n\t\t\t\t\t\t<section class=\"wd-negative-gap elementor-section elementor-top-section elementor-element elementor-element-11bd76c8 elementor-section-content-middle elementor-section-boxed elementor-section-height-default elementor-section-height-default\" data-id=\"11bd76c8\" data-element_type=\"section\">\n\t\t\t\t\t\t<div class=\"elementor-container elementor-column-gap-wide\">\n\t\t\t\t\t<div class=\"elementor-column elementor-col-50 elementor-top-column elementor-element elementor-element-45314666\" data-id=\"45314666\" data-element_type=\"column\">\n\t\t\t<div class=\"elementor-widget-wrap elementor-element-populated\">\n\t\t\t\t\t\t<div class=\"elementor-element elementor-element-32dea3a9 elementor-widget elementor-widget-image\" data-id=\"32dea3a9\" data-element_type=\"widget\" data-widget_type=\"image.default\">\n\t\t\t\t\t\t\t\t\t\t\t\t\t\t\t<img fetchpriority=\"high\" decoding=\"async\" width=\"1000\" height=\"1000\" src=\"https:\/\/silverstone.m2web.pl\/wp-content\/uploads\/2025\/07\/gokarty_o_nas.jpg\" class=\"attachment-full size-full wp-image-29178\" alt=\"\" srcset=\"https:\/\/silverstone.m2web.pl\/wp-content\/uploads\/2025\/07\/gokarty_o_nas.jpg 1000w, https:\/\/silverstone.m2web.pl\/wp-content\/uploads\/2025\/07\/gokarty_o_nas-300x300.jpg 300w, https:\/\/silverstone.m2web.pl\/wp-content\/uploads\/2025\/07\/gokarty_o_nas-800x800.jpg 800w, https:\/\/silverstone.m2web.pl\/wp-content\/uploads\/2025\/07\/gokarty_o_nas-150x150.jpg 150w, https:\/\/silverstone.m2web.pl\/wp-content\/uploads\/2025\/07\/gokarty_o_nas-768x768.jpg 768w, https:\/\/silverstone.m2web.pl\/wp-content\/uploads\/2025\/07\/gokarty_o_nas-430x430.jpg 430w, https:\/\/silverstone.m2web.pl\/wp-content\/uploads\/2025\/07\/gokarty_o_nas-700x700.jpg 700w\" sizes=\"(max-width: 1000px) 100vw, 1000px\" \/>\t\t\t\t\t\t\t\t\t\t\t\t\t\t\t<\/div>\n\t\t\t\t\t<\/div>\n\t\t<\/div>\n\t\t\t\t<div class=\"elementor-column elementor-col-50 elementor-top-column elementor-element elementor-element-6ccd1c92\" data-id=\"6ccd1c92\" data-element_type=\"column\">\n\t\t\t<div class=\"elementor-widget-wrap elementor-element-populated\">\n\t\t\t\t\t\t<div class=\"elementor-element elementor-element-51c1872a wd-width-100 elementor-widget elementor-widget-wd_title\" data-id=\"51c1872a\" data-element_type=\"widget\" data-widget_type=\"wd_title.default\">\n\t\t\t\t<div class=\"elementor-widget-container\">\n\t\t\t\t\t\t\t<div class=\"title-wrapper wd-set-mb reset-last-child wd-title-color-primary wd-title-style-simple wd-title-size-default text-left\">\n\n\t\t\t\t\t\t\t\t\t\t\t<div class=\"title-subtitle subtitle-color-primary subtitle-style-background wd-fontsize-xs\">\n\t\t\t\t\tPoznaj nas bli\u017cej\t\t\t\t<\/div>\n\t\t\t\n\t\t\t<div class=\"liner-continer\">\n\t\t\t\t<h4 class=\"woodmart-title-container title wd-fontsize-l\">Emocje za kierownic\u0105, adrenalina w ka\u017cdym zakr\u0119cie<\/h4> \n\t\t\t\t\t\t\t<\/div>\n\n\t\t\t\t\t\t\t<div class=\"title-after_title reset-last-child wd-fontsize-xs\">\n\t\t\t\t\t<p>Tor Kartingowy Silverstone w Opolu to przestrze\u0144, w kt\u00f3rej sportowa rywalizacja spotyka si\u0119 z pasj\u0105 i bezpiecze\u0144stwem. Oferujemy wyj\u0105tkowe warunki do jazdy gokartami \u2013 zar\u00f3wno dla doros\u0142ych, jak i dzieci, a tak\u017ce wsp\u00f3lne przejazdy dla najm\u0142odszych.<\/p>\t\t\t\t<\/div>\n\t\t\t\t\t<\/div>\n\t\t\t\t\t\t<\/div>\n\t\t\t\t<\/div>\n\t\t\t\t<section class=\"wd-negative-gap elementor-section elementor-inner-section elementor-element elementor-element-62cad79c elementor-section-boxed elementor-section-height-default elementor-section-height-default\" data-id=\"62cad79c\" data-element_type=\"section\">\n\t\t\t\t\t\t<div class=\"elementor-container elementor-column-gap-default\">\n\t\t\t\t\t<div class=\"elementor-column elementor-col-50 elementor-inner-column elementor-element elementor-element-63b11649\" data-id=\"63b11649\" data-element_type=\"column\">\n\t\t\t<div class=\"elementor-widget-wrap elementor-element-populated\">\n\t\t\t\t\t\t<div class=\"elementor-element elementor-element-33239ca5 color-scheme-inherit text-left elementor-widget elementor-widget-text-editor\" data-id=\"33239ca5\" data-element_type=\"widget\" data-widget_type=\"text-editor.default\">\n\t\t\t\t\t\t\t\t\t<p><strong><span class=\"color-primary\">1.<\/span><\/strong> Nowoczesna flota gokart\u00f3w<\/p>\t\t\t\t\t\t\t\t<\/div>\n\t\t\t\t<div class=\"elementor-element elementor-element-6fafd773 color-scheme-inherit text-left elementor-widget elementor-widget-text-editor\" data-id=\"6fafd773\" data-element_type=\"widget\" data-widget_type=\"text-editor.default\">\n\t\t\t\t\t\t\t\t\tGokarty dla doros\u0142ych (6,5 KM), dzieci (5,5 KM) oraz tandem rodzinny (9 KM) \u2013 ka\u017cdy znajdzie co\u015b dla siebie.\t\t\t\t\t\t\t\t<\/div>\n\t\t\t\t\t<\/div>\n\t\t<\/div>\n\t\t\t\t<div class=\"elementor-column elementor-col-50 elementor-inner-column elementor-element elementor-element-43119ad5\" data-id=\"43119ad5\" data-element_type=\"column\">\n\t\t\t<div class=\"elementor-widget-wrap elementor-element-populated\">\n\t\t\t\t\t\t<div class=\"elementor-element elementor-element-ccb624f color-scheme-inherit text-left elementor-widget elementor-widget-text-editor\" data-id=\"ccb624f\" data-element_type=\"widget\" data-widget_type=\"text-editor.default\">\n\t\t\t\t\t\t\t\t\t<strong><span class=\"color-primary\">2.<\/span><\/strong> Tor dla ka\u017cdego poziomu\t\t\t\t\t\t\t\t<\/div>\n\t\t\t\t<div class=\"elementor-element elementor-element-7ea37d1e color-scheme-inherit text-left elementor-widget elementor-widget-text-editor\" data-id=\"7ea37d1e\" data-element_type=\"widget\" data-widget_type=\"text-editor.default\">\n\t\t\t\t\t\t\t\t\tTechniczna, urozmaicona trasa zapewnia emocje zar\u00f3wno pocz\u0105tkuj\u0105cym, jak i do\u015bwiadczonym kierowcom.\t\t\t\t\t\t\t\t<\/div>\n\t\t\t\t\t<\/div>\n\t\t<\/div>\n\t\t\t\t\t<\/div>\n\t\t<\/section>\n\t\t\t\t<section class=\"wd-negative-gap elementor-section elementor-inner-section elementor-element elementor-element-7b54a20b elementor-section-boxed elementor-section-height-default elementor-section-height-default\" data-id=\"7b54a20b\" data-element_type=\"section\">\n\t\t\t\t\t\t<div class=\"elementor-container elementor-column-gap-default\">\n\t\t\t\t\t<div class=\"elementor-column elementor-col-50 elementor-inner-column elementor-element elementor-element-5c7777f4\" data-id=\"5c7777f4\" data-element_type=\"column\">\n\t\t\t<div class=\"elementor-widget-wrap elementor-element-populated\">\n\t\t\t\t\t\t<div class=\"elementor-element elementor-element-8a50471 color-scheme-inherit text-left elementor-widget elementor-widget-text-editor\" data-id=\"8a50471\" data-element_type=\"widget\" data-widget_type=\"text-editor.default\">\n\t\t\t\t\t\t\t\t\t<strong><span class=\"color-primary\">3.<\/span><\/strong> Bezpiecze\u0144stwo i komfort\t\t\t\t\t\t\t\t<\/div>\n\t\t\t\t<div class=\"elementor-element elementor-element-5d7c807a color-scheme-inherit text-left elementor-widget elementor-widget-text-editor\" data-id=\"5d7c807a\" data-element_type=\"widget\" data-widget_type=\"text-editor.default\">\n\t\t\t\t\t\t\t\t\tStarannie wyznaczony tor, zabezpieczenia z opon i pe\u0142ne wsparcie instruktor\u00f3w \u2013 u nas je\u017adzisz bez stresu.\t\t\t\t\t\t\t\t<\/div>\n\t\t\t\t\t<\/div>\n\t\t<\/div>\n\t\t\t\t<div class=\"elementor-column elementor-col-50 elementor-inner-column elementor-element elementor-element-2e087f32\" data-id=\"2e087f32\" data-element_type=\"column\">\n\t\t\t<div class=\"elementor-widget-wrap elementor-element-populated\">\n\t\t\t\t\t\t<div class=\"elementor-element elementor-element-1b5b51f7 color-scheme-inherit text-left elementor-widget elementor-widget-text-editor\" data-id=\"1b5b51f7\" data-element_type=\"widget\" data-widget_type=\"text-editor.default\">\n\t\t\t\t\t\t\t\t\t<strong><span class=\"color-primary\">4.<\/span><\/strong> Rodzinna rozrywka\t\t\t\t\t\t\t\t<\/div>\n\t\t\t\t<div class=\"elementor-element elementor-element-1a343616 color-scheme-inherit text-left elementor-widget elementor-widget-text-editor\" data-id=\"1a343616\" data-element_type=\"widget\" data-widget_type=\"text-editor.default\">\n\t\t\t\t\t\t\t\t\tGokart tandemowy umo\u017cliwia wsp\u00f3ln\u0105 jazd\u0119 doros\u0142ego z dzieckiem, kt\u00f3re nie mo\u017ce jeszcze samodzielnie prowadzi\u0107.\t\t\t\t\t\t\t\t<\/div>\n\t\t\t\t\t<\/div>\n\t\t<\/div>\n\t\t\t\t\t<\/div>\n\t\t<\/section>\n\t\t\t\t<div class=\"elementor-element elementor-element-6f65c22 woodmart-open-newsletter elementor-widget elementor-widget-wd_button\" data-id=\"6f65c22\" data-element_type=\"widget\" data-widget_type=\"wd_button.default\">\n\t\t\t\t<div class=\"elementor-widget-container\">\n\t\t\t\t\t\t\t<div class=\"wd-button-wrapper text-center\" >\n\t\t\t<a class=\"btn btn-style-default btn-shape-rectangle btn-size-extra-large btn-full-width btn-icon-pos-right\"  href=\"#\">\n\t\t\t\t<span class=\"wd-btn-text\" data-elementor-setting-key=\"text\">\n\t\t\t\t\tZAREZERWUJ ONLINE\t\t\t\t<\/span>\n\n\t\t\t\t\t\t\t<\/a>\n\t\t<\/div>\n\t\t\t\t\t\t<\/div>\n\t\t\t\t<\/div>\n\t\t\t\t\t<\/div>\n\t\t<\/div>\n\t\t\t\t\t<\/div>\n\t\t<\/section>\n\t\t\t\t<\/div>\n\t\t","protected":false},"excerpt":{"rendered":"<p>Poznaj nas bli\u017cej Emocje za kierownic\u0105, adrenalina w ka\u017cdym zakr\u0119cie Tor Kartingowy Silverstone w Opolu to przestrze\u0144, w kt\u00f3rej sportowa<\/p>\n","protected":false},"author":1,"featured_media":0,"parent":0,"menu_order":0,"comment_status":"closed","ping_status":"closed","template":"","meta":{"footnotes":""},"class_list":["post-29025","page","type-page","status-publish","hentry"],"_links":{"self":[{"href":"https:\/\/silverstone.m2web.pl\/index.php?rest_route=\/wp\/v2\/pages\/29025","targetHints":{"allow":["GET"]}}],"collection":[{"href":"https:\/\/silverstone.m2web.pl\/index.php?rest_route=\/wp\/v2\/pages"}],"about":[{"href":"https:\/\/silverstone.m2web.pl\/index.php?rest_route=\/wp\/v2\/types\/page"}],"author":[{"embeddable":true,"href":"https:\/\/silverstone.m2web.pl\/index.php?rest_route=\/wp\/v2\/users\/1"}],"replies":[{"embeddable":true,"href":"https:\/\/silverstone.m2web.pl\/index.php?rest_route=%2Fwp%2Fv2%2Fcomments&post=29025"}],"version-history":[{"count":4,"href":"https:\/\/silverstone.m2web.pl\/index.php?rest_route=\/wp\/v2\/pages\/29025\/revisions"}],"predecessor-version":[{"id":29181,"href":"https:\/\/silverstone.m2web.pl\/index.php?rest_route=\/wp\/v2\/pages\/29025\/revisions\/29181"}],"wp:attachment":[{"href":"https:\/\/silverstone.m2web.pl\/index.php?rest_route=%2Fwp%2Fv2%2Fmedia&parent=29025"}],"curies":[{"name":"wp","href":"https:\/\/api.w.org\/{rel}","templated":true}]}}